{"id":11437,"date":"2016-01-15T13:24:53","date_gmt":"2016-01-15T13:24:53","guid":{"rendered":"http:\/\/www.lafloreria.net\/ca\/mireia-font\/"},"modified":"2016-02-06T20:06:13","modified_gmt":"2016-02-06T20:06:13","slug":"mireia-font","status":"publish","type":"page","link":"https:\/\/new.lafloreria.net\/ca\/mireia-font\/","title":{"rendered":"MIREIA FONT"},"content":{"rendered":"<div class=\"wpb-content-wrapper\"><p>[vc_row][vc_column width=&#8221;1\/2&#8243;][vc_single_image image=&#8221;12053&#8243; img_size=&#8221;full&#8221;][\/vc_column][vc_column width=&#8221;1\/2&#8243;][vc_column_text el_class=&#8221;subrayado&#8221;]<\/p>\n<h1>Mireia Font Anguera<\/h1>\n<p><em>Dissenyadora Floral\u00a0<\/em>[\/vc_column_text][vc_column_text css=&#8221;.vc_custom_1454789055850{margin-top: 20px !important;}&#8221;]Mireia Font, va iniciar el seu cam\u00ed profesional l\u2019any 2000, amb la ilusi\u00f3 d\u2019aportar el seu estil personal, dins del m\u00f3n floral.<\/p>\n<p>Sempre activa i a l\u2019avanguarda amb les noves tend\u00e8ncies , el seu treball concisteix en crear espais, ambients y petits racons amb encant, tots ells pensats per fer una posta en escena espectacular.<\/p>\n<p>La Floreria, \u00e9s un espai on ens podem sumergir en un m\u00f3n de sensacions, creativitat,flors textures,llum i ilusi\u00f3[\/vc_column_text][\/vc_column][\/vc_row][vc_row][vc_column][\/vc_column][\/vc_row]<\/p>\n<\/div>","protected":false},"excerpt":{"rendered":"<p>[vc_row][vc_column width=&#8221;1\/2&#8243;][vc_single_image image=&#8221;12053&#8243; img_size=&#8221;full&#8221;][\/vc_column][vc_column width=&#8221;1\/2&#8243;][vc_column_text el_class=&#8221;subrayado&#8221;] Mireia Font Anguera Dissenyadora Floral\u00a0[\/vc_column_text][vc_column_text css=&#8221;.vc_custom_1454789055850{margin-top: 20px !important;}&#8221;]Mireia Font, va iniciar el seu cam\u00ed profesional l\u2019any 2000, amb la ilusi\u00f3 d\u2019aportar el seu estil<\/p>\n","protected":false},"author":2,"featured_media":0,"parent":0,"menu_order":0,"comment_status":"closed","ping_status":"closed","template":"","meta":{"_acf_changed":false,"footnotes":""},"class_list":["post-11437","page","type-page","status-publish","hentry"],"acf":[],"_links":{"self":[{"href":"https:\/\/new.lafloreria.net\/ca\/wp-json\/wp\/v2\/pages\/11437"}],"collection":[{"href":"https:\/\/new.lafloreria.net\/ca\/wp-json\/wp\/v2\/pages"}],"about":[{"href":"https:\/\/new.lafloreria.net\/ca\/wp-json\/wp\/v2\/types\/page"}],"author":[{"embeddable":true,"href":"https:\/\/new.lafloreria.net\/ca\/wp-json\/wp\/v2\/users\/2"}],"replies":[{"embeddable":true,"href":"https:\/\/new.lafloreria.net\/ca\/wp-json\/wp\/v2\/comments?post=11437"}],"version-history":[{"count":3,"href":"https:\/\/new.lafloreria.net\/ca\/wp-json\/wp\/v2\/pages\/11437\/revisions"}],"predecessor-version":[{"id":12562,"href":"https:\/\/new.lafloreria.net\/ca\/wp-json\/wp\/v2\/pages\/11437\/revisions\/12562"}],"wp:attachment":[{"href":"https:\/\/new.lafloreria.net\/ca\/wp-json\/wp\/v2\/media?parent=11437"}],"curies":[{"name":"wp","href":"https:\/\/api.w.org\/{rel}","templated":true}]}}