{"id":11447,"date":"2016-01-30T01:20:30","date_gmt":"2016-01-30T01:20:30","guid":{"rendered":"http:\/\/www.lafloreria.net\/ca\/?page_id=11447"},"modified":"2016-02-06T20:07:30","modified_gmt":"2016-02-06T20:07:30","slug":"contacte","status":"publish","type":"page","link":"https:\/\/new.lafloreria.net\/ca\/contacte\/","title":{"rendered":"CONTACTE"},"content":{"rendered":"<div class=\"wpb-content-wrapper\"><p>[vc_row][vc_column width=&#8221;2\/3&#8243;]<div class=\"\" ><div id=\"map_69e51eb939d7f\" style=\"height: 500px;\" class=\"map-holder\"><\/div><\/div>\r\n\t\t\t\t<script type=\"text\/javascript\">\r\n\t\t\t\t jQuery(document).ready(function () {\r\n\t\t\t\t\t\t jQuery(\"#map_69e51eb939d7f\").bind('gmap-reload', function() {\r\n\t\t\t\t\t\t\t\t gmap3_init();\r\n\t\t\t\t\t\t\t });\r\n\r\n\t\t\t\t\t\t gmap3_init();\r\n\r\n\t\t\t\t\t\t function gmap3_init() {\r\n\t\t\t\t\t\t\t jQuery(\"#map_69e51eb939d7f\").gmap3('destroy');\r\n\r\n\t\t\t\t\t\t\t jQuery(\"#map_69e51eb939d7f\").gmap3({\r\n\t\t\t\t\t\t\t\t marker: {\r\n\t\t\t\t\t\t\t\t\t values: [{address: \" 2 Carrer de la Pescateria, Barcelona, 08003, Spain\" , data:\"2 Carrer de la Pescateria, Barcelona, 08003, Spain\", options:{icon: \"https:\/\/new.lafloreria.net\/wp-content\/uploads\/2016\/01\/logo-mapa.png\"}}],\r\n\t\t\t\t\t\t\t\t\t events:{\r\n\t\t\t\t\t\t\t\t\t\t click: function(marker, event, context){\r\n\t\t\t\t\t\t\t\t\t\t\t var map = jQuery(this).gmap3(\"get\"),\r\n\t\t\t\t\t\t\t\t\t\t\t\t infowindow = jQuery(this).gmap3({get:{name:\"infowindow\"}});\r\n\t\t\t\t\t\t\t\t\t\t\t if (infowindow){\r\n\t\t\t\t\t\t\t\t\t\t\t\t infowindow.open(map, marker);\r\n\t\t\t\t\t\t\t\t\t\t\t\t infowindow.setContent('<div class=\"noscroll\">'+context.data+'<\/div>');\r\n\t\t\t\t\t\t\t\t\t\t\t } else {\r\n\t\t\t\t\t\t\t\t\t\t\t\t jQuery(this).gmap3({\r\n\t\t\t\t\t\t\t\t\t\t\t\t\t infowindow:{\r\n\t\t\t\t\t\t\t\t\t\t\t\t\t\t anchor:marker,\r\n\t\t\t\t\t\t\t\t\t\t\t\t\t\t options:{content: '<div class=\"noscroll\">'+context.data+'<\/div>'}\r\n\t\t\t\t\t\t\t\t\t\t\t\t\t }\r\n\t\t\t\t\t\t\t\t\t\t\t\t });\r\n\t\t\t\t\t\t\t\t\t\t\t }\r\n\t\t\t\t\t\t\t\t\t\t }\r\n\t\t\t\t\t\t\t\t\t }\r\n\t\t\t\t\t\t\t\t },\r\n\t\t\t\t\t\t\tmap: {\r\n\t\t\t\t\t\t\t\t options: {\r\n\t\t\t\t\t\t\t\t\tzoom: 17,\r\n\t\t\t\t\t\t\t\t\tnavigationControl: 1,scrollwheel: false,\r\n\t\t\t\t\t\t\t\t\tstreetViewControl: false,\r\n\t\t\t\t\t\t\t\t\tmapTypeControl: false\r\n\t\t\t\t\t\t\t\t}\r\n\t\t\t\t\t\t\t }\r\n\t\t\t\t\t\t});\r\n\t\t\t\t\t}\r\n\t\t\t\t\t });\r\n            <\/script>[\/vc_column][vc_column width=&#8221;1\/3&#8243; css=&#8221;.vc_custom_1453583208652{padding-left: 50px !important;}&#8221;][vc_column_text]<\/p>\n<h1 class=\"subrayado\">Contacte La Florer\u00eda<\/h1>\n<p>Carrer de la Pescateria, 2<br \/>\n08003 Barcelona<\/p>\n<p class=\"contacto\">M\u00f3vil_639 31 61 62<\/p>\n<p class=\"contacto\"><strong>info@laflorer\u00eda.net<\/strong><\/p>\n<p>[\/vc_column_text][\/vc_column][\/vc_row]<\/p>\n<\/div>","protected":false},"excerpt":{"rendered":"<p>[vc_row][vc_column width=&#8221;2\/3&#8243;][\/vc_column][vc_column width=&#8221;1\/3&#8243; css=&#8221;.vc_custom_1453583208652{padding-left: 50px !important;}&#8221;][vc_column_text] Contacte La Florer\u00eda Carrer de la Pescateria, 2 08003 Barcelona M\u00f3vil_639 31 61 62 info@laflorer\u00eda.net [\/vc_column_text][\/vc_column][\/vc_row]<\/p>\n","protected":false},"author":2,"featured_media":0,"parent":0,"menu_order":0,"comment_status":"closed","ping_status":"closed","template":"","meta":{"_acf_changed":false,"footnotes":""},"class_list":["post-11447","page","type-page","status-publish","hentry"],"acf":[],"_links":{"self":[{"href":"https:\/\/new.lafloreria.net\/ca\/wp-json\/wp\/v2\/pages\/11447"}],"collection":[{"href":"https:\/\/new.lafloreria.net\/ca\/wp-json\/wp\/v2\/pages"}],"about":[{"href":"https:\/\/new.lafloreria.net\/ca\/wp-json\/wp\/v2\/types\/page"}],"author":[{"embeddable":true,"href":"https:\/\/new.lafloreria.net\/ca\/wp-json\/wp\/v2\/users\/2"}],"replies":[{"embeddable":true,"href":"https:\/\/new.lafloreria.net\/ca\/wp-json\/wp\/v2\/comments?post=11447"}],"version-history":[{"count":3,"href":"https:\/\/new.lafloreria.net\/ca\/wp-json\/wp\/v2\/pages\/11447\/revisions"}],"predecessor-version":[{"id":12563,"href":"https:\/\/new.lafloreria.net\/ca\/wp-json\/wp\/v2\/pages\/11447\/revisions\/12563"}],"wp:attachment":[{"href":"https:\/\/new.lafloreria.net\/ca\/wp-json\/wp\/v2\/media?parent=11447"}],"curies":[{"name":"wp","href":"https:\/\/api.w.org\/{rel}","templated":true}]}}