{"id":11462,"date":"2016-01-13T14:46:44","date_gmt":"2016-01-13T14:46:44","guid":{"rendered":"http:\/\/www.lafloreria.net\/ca\/bodas\/"},"modified":"2018-07-12T22:18:37","modified_gmt":"2018-07-12T22:18:37","slug":"decoracion-de-bodas","status":"publish","type":"page","link":"https:\/\/new.lafloreria.net\/ca\/decoracion-de-bodas\/","title":{"rendered":"BODAS"},"content":{"rendered":"<div class=\"wpb-content-wrapper\"><p>[vc_row][vc_column width=&#8221;1\/3&#8243;]<div class=\"ult-spacer spacer-69e7692dd6472\" data-id=\"69e7692dd6472\" data-height=\"40\" data-height-mobile=\"20\" data-height-tab=\"0\" data-height-tab-portrait=\"\" data-height-mobile-landscape=\"\" style=\"clear:both;display:block;\"><\/div>[vc_single_image image=&#8221;10692&#8243; img_size=&#8221;500&#215;300&#8243; alignment=&#8221;center&#8221; style=&#8221;vc_box_shadow_3d&#8221; css_animation=&#8221;appear&#8221; image_opacity=&#8221;90&#8243; onclick=&#8221;custom_link&#8221; title=&#8221;RAMOS DE NOVIA&#8221; link=&#8221;http:\/\/www.lafloreria.net\/ramos-de-novia\/&#8221; el_class=&#8221;portfolio-entry-hover&#8221;][\/vc_column][vc_column width=&#8221;1\/3&#8243;]<div class=\"ult-spacer spacer-69e7692dd64b6\" data-id=\"69e7692dd64b6\" data-height=\"40\" data-height-mobile=\"20\" data-height-tab=\"0\" data-height-tab-portrait=\"\" data-height-mobile-landscape=\"\" style=\"clear:both;display:block;\"><\/div>[vc_single_image image=&#8221;10405&#8243; img_size=&#8221;500&#215;300&#8243; alignment=&#8221;center&#8221; style=&#8221;vc_box_shadow_3d&#8221; css_animation=&#8221;top-to-bottom&#8221; image_opacity=&#8221;90&#8243; onclick=&#8221;custom_link&#8221; title=&#8221;CEREMONIAS&#8221; link=&#8221;http:\/\/www.lafloreria.net\/ceremonias-la-floreria\/&#8221;][\/vc_column][vc_column width=&#8221;1\/3&#8243;]<div class=\"ult-spacer spacer-69e7692dd64d9\" data-id=\"69e7692dd64d9\" data-height=\"40\" data-height-mobile=\"20\" data-height-tab=\"0\" data-height-tab-portrait=\"\" data-height-mobile-landscape=\"\" style=\"clear:both;display:block;\"><\/div>[vc_single_image image=&#8221;10406&#8243; img_size=&#8221;500&#215;300&#8243; alignment=&#8221;center&#8221; style=&#8221;vc_box_shadow_3d&#8221; css_animation=&#8221;appear&#8221; image_opacity=&#8221;90&#8243; onclick=&#8221;custom_link&#8221; title=&#8221;CENTROS DE MESA&#8221; link=&#8221;http:\/\/www.lafloreria.net\/centros-de-mesa\/&#8221;][\/vc_column][\/vc_row][vc_row dfd_row_config=&#8221;full_width_content&#8221;][vc_column]<div class=\"ult-spacer spacer-69e7692dd64f7\" data-id=\"69e7692dd64f7\" data-height=\"50\" data-height-mobile=\"25\" data-height-tab=\"50\" data-height-tab-portrait=\"\" data-height-mobile-landscape=\"\" style=\"clear:both;display:block;\"><\/div>[vc_column_text el_class=&#8221;textos-principales&#8221;]<\/p>\n<h1>DECORACI\u00d3N DE BODAS<\/h1>\n<p>La<strong> decoraci\u00f3n de bodas <\/strong>nuestra pasi\u00f3n!!<\/p>\n<p>Nos gusta empezar conociendo a la pareja en persona, absorber informaci\u00f3n,\u00a0 compartir opiniones, como han so\u00f1ado su enlace\u2026 Para poder guiar de la mejor manera posible ofreciendo diferentes propuestas, siempre especiales y personalizadas. Nuestro objetivo principal es reflejar vuestra boda so\u00f1ada.<\/p>\n<p>En nuestro <a href=\"https:\/\/www.google.es\/maps\/place\/La+Florer%C3%ADa\/@41.3841139,2.183633,15z\/data=!4m5!3m4!1s0x0:0x7c79f2a1570343e7!8m2!3d41.3841139!4d2.183633\" target=\"_blank\" rel=\"noopener noreferrer\">taller de Barcelona<\/a>, adem\u00e1s os ofrecemos un sinf\u00edn de elementos decorativos para poder crear la ambientaci\u00f3n ideal, de vuestra Boda como: diferentes tipos de cestas y cajas, recipientes de cristal y cer\u00e1mica\u00a0 de todo tipo y colores. Elementos naturales, sofisticados, elegantes\u2026 Todo un complemento ideal para realzar a nuestras queridas flores.<\/p>\n<p>Nos adaptamos a vuestro presupuesto, sin olvidar la calidad de nuestro trabajo, la materia prima y nuestra creatividad.<\/p>\n<p>[\/vc_column_text][\/vc_column][\/vc_row]<\/p>\n<\/div>","protected":false},"excerpt":{"rendered":"<p>[vc_row][vc_column width=&#8221;1\/3&#8243;][vc_single_image image=&#8221;10692&#8243; img_size=&#8221;500&#215;300&#8243; alignment=&#8221;center&#8221; style=&#8221;vc_box_shadow_3d&#8221; css_animation=&#8221;appear&#8221; image_opacity=&#8221;90&#8243; onclick=&#8221;custom_link&#8221; title=&#8221;RAMOS DE NOVIA&#8221; link=&#8221;http:\/\/www.lafloreria.net\/ramos-de-novia\/&#8221; el_class=&#8221;portfolio-entry-hover&#8221;][\/vc_column][vc_column width=&#8221;1\/3&#8243;][vc_single_image image=&#8221;10405&#8243; img_size=&#8221;500&#215;300&#8243; alignment=&#8221;center&#8221; style=&#8221;vc_box_shadow_3d&#8221; css_animation=&#8221;top-to-bottom&#8221; image_opacity=&#8221;90&#8243; onclick=&#8221;custom_link&#8221; title=&#8221;CEREMONIAS&#8221; link=&#8221;http:\/\/www.lafloreria.net\/ceremonias-la-floreria\/&#8221;][\/vc_column][vc_column width=&#8221;1\/3&#8243;][vc_single_image image=&#8221;10406&#8243; img_size=&#8221;500&#215;300&#8243; alignment=&#8221;center&#8221; style=&#8221;vc_box_shadow_3d&#8221; css_animation=&#8221;appear&#8221;<\/p>\n","protected":false},"author":2,"featured_media":0,"parent":0,"menu_order":0,"comment_status":"closed","ping_status":"closed","template":"","meta":{"_acf_changed":false,"footnotes":""},"class_list":["post-11462","page","type-page","status-publish","hentry"],"acf":[],"_links":{"self":[{"href":"https:\/\/new.lafloreria.net\/ca\/wp-json\/wp\/v2\/pages\/11462"}],"collection":[{"href":"https:\/\/new.lafloreria.net\/ca\/wp-json\/wp\/v2\/pages"}],"about":[{"href":"https:\/\/new.lafloreria.net\/ca\/wp-json\/wp\/v2\/types\/page"}],"author":[{"embeddable":true,"href":"https:\/\/new.lafloreria.net\/ca\/wp-json\/wp\/v2\/users\/2"}],"replies":[{"embeddable":true,"href":"https:\/\/new.lafloreria.net\/ca\/wp-json\/wp\/v2\/comments?post=11462"}],"version-history":[{"count":10,"href":"https:\/\/new.lafloreria.net\/ca\/wp-json\/wp\/v2\/pages\/11462\/revisions"}],"predecessor-version":[{"id":13957,"href":"https:\/\/new.lafloreria.net\/ca\/wp-json\/wp\/v2\/pages\/11462\/revisions\/13957"}],"wp:attachment":[{"href":"https:\/\/new.lafloreria.net\/ca\/wp-json\/wp\/v2\/media?parent=11462"}],"curies":[{"name":"wp","href":"https:\/\/api.w.org\/{rel}","templated":true}]}}